{"id":1845,"date":"2021-11-08T16:16:28","date_gmt":"2021-11-08T15:16:28","guid":{"rendered":"https:\/\/www.isolaspa.it\/contactos\/"},"modified":"2026-02-19T14:58:21","modified_gmt":"2026-02-19T13:58:21","slug":"contactos","status":"publish","type":"page","link":"https:\/\/www.isolaspa.it\/es\/contactos\/","title":{"rendered":"Contactos"},"content":{"rendered":"\n\n\t\t\t<h2>Equipo<\/h2>\t\t\t\n\t\t\t\t<p>Somos un equipo joven, din\u00e1mico, apasionado y eficaz en el comercio de papel reciclado y pl\u00e1stico recuperado, de conformidad con lo dispuesto en la ley de 28 de diciembre de 2015 n.\u00ba 221 sobre \u00abdisposiciones en materia de medioambiente para promover medidas de econom\u00eda verde y para limitar del uso excesivo de los recursos naturales\u00bb.<\/p>\n\t<iframe src=\"https:\/\/www.google.com\/maps\/embed\/v1\/place?q=Isola+S.p.a%0AVia+Villa+Fontana%2C+snc%0A55014+Marlia+%28LU%29+-+Italia&#038;key=AIzaSyD09zQ9PNDNNy9TadMuzRV_UsPUoWKntt8\" aria-hidden=\"true\"><\/iframe>\n<h2>\n\t\t\tCont\u00e1ctanos\t<\/h2>\n\tIsola S.p.a<br \/>\nVia Villa Fontana, snc 55014 Marlia (LU) &#8211; Italia<br \/>\n+39 0583 936929<br \/>\n<a href=\"mailto:info@isolaspa.it\">info@isolaspa.it<\/a>\n<a href=\"mailto:commerciale@isolaspa.it\">commerciale@isolaspa.it<\/a><br \/>\n<a href=\"mailto:export@isolaspa.it\">export@isolaspa.it<\/a><br \/>\n<a href=\"mailto:logistica@isolaspa.it\">logistica@isolaspa.it<\/a>\n<p><a href=\"mailto:amministrazione@pec.isolaspa.it\">amministrazione@pec.isolaspa.it<\/a><\/p>\n\t\t\t\t\t\t\t&quot;*&quot; se\u00f1ala los campos obligatorios\n                        <form method='post' enctype='multipart\/form-data'  id='gform_1'  action='https:\/\/www.isolaspa.it\/es\/contactos\/?fl_builder&#038;fl_builder_ui_iframe' data-formid='1' novalidate> \n <input type='hidden' class='gforms-pum' value='{\"closepopup\":false,\"closedelay\":0,\"openpopup\":false,\"openpopup_id\":0}' \/>\n                        <label class='gfield_label gform-field-label' for='input_1_9'>Company<\/label><input name='input_9' id='input_1_9' type='text' value='' autocomplete='new-password'\/>Este campo es un campo de validaci\u00f3n y debe quedar sin cambios.<label class='gfield_label gform-field-label' for='input_1_1'>NOMBRE*<\/label><input name='input_1' id='input_1_1' type='text' value='' class='large'   tabindex='100' placeholder='Inserisci Il tuo nome' aria-required=\"true\" aria-invalid=\"false\"   \/><label class='gfield_label gform-field-label' for='input_1_4'>CORREO ELECTR\u00d3NICO*<\/label>\n                            <input name='input_4' id='input_1_4' type='email' value='' class='large' tabindex='101'  placeholder='Inserisci la tua e-mail' aria-required=\"true\" aria-invalid=\"false\"  \/>\n                        <label class='gfield_label gform-field-label' for='input_1_3'>ASUNTO*<\/label><input name='input_3' id='input_1_3' type='text' value='' class='large'   tabindex='102' placeholder='Di cosa vuoi parlarci?' aria-required=\"true\" aria-invalid=\"false\"   \/><label class='gfield_label gform-field-label' for='input_1_2'>MENSAJE*<\/label><textarea name='input_2' id='input_1_2' class='textarea large' tabindex='103'   placeholder='Scrivi il tuo messaggio...' aria-required=\"true\" aria-invalid=\"false\"   rows='10' cols='50'><\/textarea><fieldset id=\"field_1_7\"><legend class='gfield_label gform-field-label gfield_label_before_complex'>Consenso al trattamento dati*<\/legend>\n\t\t\t\t\t\t\t\t<input class='gfield-choice-input' name='input_7.1' type='checkbox'  value='Inviando questo form dichiaro di aver preso visione della &lt;a href=&quot;https:\/\/www.isolaspa.it\/privacypolicy&quot; target=&quot;_blank&quot; rel=&quot;noopener&quot;&gt;Privacy Policy&lt;\/a&gt;.'  id='choice_1_7_1' tabindex='104'  \/>\n\t\t\t\t\t\t\t\t<label for='choice_1_7_1' id='label_1_7_1' class='gform-field-label gform-field-label--type-inline'>Inviando questo form dichiaro di aver preso visione della <a href=\"https:\/\/www.isolaspa.it\/privacypolicy\" target=\"_blank\" rel=\"noopener\">Privacy Policy<\/a>.<\/label>\n\t\t\t\t\t\t\t<\/fieldset><label class='gfield_label gform-field-label' for='input_1_8'>CAPTCHA<\/label>\n         <input type='submit' id='gform_submit_button_1' class='gform_button button' onclick='gform.submission.handleButtonClick(this);' data-submission-type='submit' value='ENVIAR' tabindex='106' \/> \n            <input type='hidden' class='gform_hidden' name='gform_submission_method' data-js='gform_submission_method_1' value='postback' \/>\n            <input type='hidden' class='gform_hidden' name='gform_theme' data-js='gform_theme_1' id='gform_theme_1' value='gravity-theme' \/>\n            <input type='hidden' class='gform_hidden' name='gform_style_settings' data-js='gform_style_settings_1' id='gform_style_settings_1' value='[]' \/>\n            <input type='hidden' class='gform_hidden' name='is_submit_1' value='1' \/>\n            <input type='hidden' class='gform_hidden' name='gform_submit' value='1' \/>\n            <input type='hidden' class='gform_hidden' name='gform_currency' data-currency='EUR' value='qNo88d4J1DN77fcZVPuMSmxlpf58P1YTV6UsDWzLj9Khlh95YtI2ZNh14HvwH2+K7Or3FRBkBu0TBPxC2bGfegJQq2lM3zVmUIDTdBUUeb4UO08=' \/>\n            <input type='hidden' class='gform_hidden' name='gform_unique_id' value='' \/>\n            <input type='hidden' class='gform_hidden' name='state_1' value='WyJ7XCI3LjFcIjpcImQ3MjgxYzljOTQ4MmEyNzUwZTg5ZmU1NzlmMGRkMDQ0XCJ9IiwiZGExYjhiNjlkNzM4ZWU5YjY3ZWZhNTE3MWIzMWE3OGMiXQ==' \/>\n            <input type='hidden' autocomplete='off' class='gform_hidden' name='gform_target_page_number_1' id='gform_target_page_number_1' value='0' \/>\n            <input type='hidden' autocomplete='off' class='gform_hidden' name='gform_source_page_number_1' id='gform_source_page_number_1' value='1' \/>\n            <input type='hidden' name='gform_field_values' value='' \/>\n                        <\/form>\n\t<p>Isola Spa &#8211; con sede en Via Villa Fontana snc, 55014 Marlia (LU), tel. 0583 936929, www.isolaspa.it &#8211; Le informa que, para garantizarle total protecci\u00f3n y cumplimiento con lo indicado en el Decreto Legislativo de 10 de marzo de 2023 n.\u00ba 24 y la Directiva (UE) 2019\/1937 \u00abWhistleblowing\u00bb, sus datos personales no ser\u00e1n tratados, salvo aquellos proporcionados voluntariamente por usted. En tal caso, dichos datos ser\u00e1n tratados de acuerdo con el RGPD y el actual c\u00f3digo de privacidad italiano.  <\/p>\n\t\t\t<a href=\"https:\/\/app.whistli.it\/report\/826h7v-mlkz-wb59bc\" title=\"Click Here\" target=\"_blank\" rel=\"noopener\"  role=\"button\" aria-label=\"Comun\u00edcanos una infracci\u00f3n\">\n\t\t\t\t\t\t\tComun\u00edcanos una infracci\u00f3n\n\t\t<\/a>\n\t<p><a href=\"http:\/\/www.isolaspa.it\/whistleblowing\" target=\"_blank\" rel=\"noopener\">Consulta la informaci\u00f3n completa<\/a><\/p>\n\n","protected":false},"excerpt":{"rendered":"<p>Equipo Somos un equipo joven, din\u00e1mico, apasionado y eficaz en el comercio de papel reciclado y pl\u00e1stico recuperado, de conformidad con lo dispuesto en la ley de 28 de diciembre de 2015 n.\u00ba 221 sobre \u00abdisposiciones en materia de medioambiente para promover medidas de econom\u00eda verde y para limitar del uso excesivo de los recursos [&hellip;]<\/p>\n","protected":false},"author":10,"featured_media":0,"parent":0,"menu_order":0,"comment_status":"closed","ping_status":"open","template":"","meta":{"site-sidebar-layout":"default","site-content-layout":"","ast-site-content-layout":"default","site-content-style":"default","site-sidebar-style":"default","ast-global-header-display":"","ast-banner-title-visibility":"","ast-main-header-display":"","ast-hfb-above-header-display":"","ast-hfb-below-header-display":"","ast-hfb-mobile-header-display":"","site-post-title":"","ast-breadcrumbs-content":"","ast-featured-img":"","footer-sml-layout":"","theme-transparent-header-meta":"","adv-header-id-meta":"","stick-header-meta":"","header-above-stick-meta":"","header-main-stick-meta":"","header-below-stick-meta":"","astra-migrate-meta-layouts":"default","ast-page-background-enabled":"default","ast-page-background-meta":{"desktop":{"background-color":"","background-image":"","background-repeat":"repeat","background-position":"center center","background-size":"auto","background-attachment":"scroll","background-type":"","background-media":"","overlay-type":"","overlay-color":"","overlay-opacity":"","overlay-gradient":""},"tablet":{"background-color":"","background-image":"","background-repeat":"repeat","background-position":"center center","background-size":"auto","background-attachment":"scroll","background-type":"","background-media":"","overlay-type":"","overlay-color":"","overlay-opacity":"","overlay-gradient":""},"mobile":{"background-color":"","background-image":"","background-repeat":"repeat","background-position":"center center","background-size":"auto","background-attachment":"scroll","background-type":"","background-media":"","overlay-type":"","overlay-color":"","overlay-opacity":"","overlay-gradient":""}},"ast-content-background-meta":{"desktop":{"background-color":"var(--ast-global-color-5)","background-image":"","background-repeat":"repeat","background-position":"center center","background-size":"auto","background-attachment":"scroll","background-type":"","background-media":"","overlay-type":"","overlay-color":"","overlay-opacity":"","overlay-gradient":""},"tablet":{"background-color":"var(--ast-global-color-5)","background-image":"","background-repeat":"repeat","background-position":"center center","background-size":"auto","background-attachment":"scroll","background-type":"","background-media":"","overlay-type":"","overlay-color":"","overlay-opacity":"","overlay-gradient":""},"mobile":{"background-color":"var(--ast-global-color-5)","background-image":"","background-repeat":"repeat","background-position":"center center","background-size":"auto","background-attachment":"scroll","background-type":"","background-media":"","overlay-type":"","overlay-color":"","overlay-opacity":"","overlay-gradient":""}},"footnotes":""},"class_list":["post-1845","page","type-page","status-publish","hentry"],"_links":{"self":[{"href":"https:\/\/www.isolaspa.it\/es\/wp-json\/wp\/v2\/pages\/1845","targetHints":{"allow":["GET"]}}],"collection":[{"href":"https:\/\/www.isolaspa.it\/es\/wp-json\/wp\/v2\/pages"}],"about":[{"href":"https:\/\/www.isolaspa.it\/es\/wp-json\/wp\/v2\/types\/page"}],"author":[{"embeddable":true,"href":"https:\/\/www.isolaspa.it\/es\/wp-json\/wp\/v2\/users\/10"}],"replies":[{"embeddable":true,"href":"https:\/\/www.isolaspa.it\/es\/wp-json\/wp\/v2\/comments?post=1845"}],"version-history":[{"count":1,"href":"https:\/\/www.isolaspa.it\/es\/wp-json\/wp\/v2\/pages\/1845\/revisions"}],"predecessor-version":[{"id":2063,"href":"https:\/\/www.isolaspa.it\/es\/wp-json\/wp\/v2\/pages\/1845\/revisions\/2063"}],"wp:attachment":[{"href":"https:\/\/www.isolaspa.it\/es\/wp-json\/wp\/v2\/media?parent=1845"}],"curies":[{"name":"wp","href":"https:\/\/api.w.org\/{rel}","templated":true}]}}