{"id":524,"date":"2019-12-04T10:38:55","date_gmt":"2019-12-04T09:38:55","guid":{"rendered":"https:\/\/www.isolaspa.it\/pagina-de-inicio\/"},"modified":"2025-01-28T09:45:06","modified_gmt":"2025-01-28T08:45:06","slug":"pagina-de-inicio","status":"publish","type":"page","link":"https:\/\/www.isolaspa.it\/es\/","title":{"rendered":"P\u00e1gina de inicio"},"content":{"rendered":"\n\n\t<p>Global reach, personal touch<\/p>\n\t\t\t<h3>Isola spa<\/h3>\t\t\t\n\t\t\t\t<p>Es una empresa comercial con m\u00e1s de 30 a\u00f1os de experiencia en la <strong>comercializaci\u00f3n de papel reciclado<\/strong>, fundada con el objetivo de promover el uso de materiales para el reciclaje, que ahora cumple con el objetivo fijado para Italia por la Uni\u00f3n Europea que debe alcanzarse <strong>para 2035<\/strong>.<\/p>\n<p>La amplia presencia bien <strong>distribuida por toda Italia<\/strong>, una gran red de proveedores que cubre importantes <strong>zonas de Italia<\/strong> y un servicio log\u00edstico fiable, eficiente y puntual hacen de Isola un punto de referencia para el mercado italiano.<\/p>\n\t\t\t<h3>La importancia de adherirse a los modelos de desarrollo ecol\u00f3gicos sostenibles<\/h3>\t\t\t\n\t\t\t\t<p>Nos ha llevado a construir nuestras oficinas con opciones que buscan reducir su impacto medioambiental y a adaptarlas a las \u00faltimas disposiciones de ahorro de energ\u00eda, obteniendo la certificaci\u00f3n A4, considerada la de mejor rendimiento.<\/p>\n<h2>\n\t\tNuestros puntos fuertes\n\t<\/h2>\n\t\t\t\t<img loading=\"lazy\" decoding=\"async\" src=\"https:\/\/www.isolaspa.it\/wp-content\/uploads\/2024\/10\/list-item.png\" alt=\"list-item\" itemprop=\"image\" height=\"99\" width=\"98\" title=\"list-item\" onerror=\"this.style.display='none'\"  \/>\n\t\t\t<h3>La Calidad<\/h3>\t\t\t\n\t\t\t\t<p>La alta calidad de los materiales siempre ha sido uno de los puntos fuertes de Isola S.p.A., y los socios en los que nos apoyamos son plantas de selecci\u00f3n excelentes y de confianza El material es controlado e inspeccionado por personal de la empresa que est\u00e1 siempre presente durante las fases de selecci\u00f3n y carga.<br \/>Las certificaciones ISO 14001 e ISO 9001 y la certificaci\u00f3n AEOC son el punto de partida para la elaboraci\u00f3n de una pol\u00edtica empresarial orientada al pleno cumplimiento de las pol\u00edticas medioambientales. La experiencia de d\u00e9cadas en la industria del papel se devuelve al cliente en t\u00e9rminos de competencia, innovaci\u00f3n, calidad constante, flexibilidad y servicio puntual <\/p>\n\t\t\t\t<img loading=\"lazy\" decoding=\"async\" src=\"https:\/\/www.isolaspa.it\/wp-content\/uploads\/2024\/10\/list-item.png\" alt=\"list-item\" itemprop=\"image\" height=\"99\" width=\"98\" title=\"list-item\" onerror=\"this.style.display='none'\"  \/>\n\t\t\t<h3>Log\u00edstica<\/h3>\t\t\t\n\t\t\t\t<p>La r\u00e1pida recogida de papel reciclado en toda Italia est\u00e1 garantizada gracias a la eficiente red de socios seleccionados durante m\u00e1s de 30 a\u00f1os de actividad..<br \/>Los env\u00edos son organizados por nuestro departamento de log\u00edstica con especial atenci\u00f3n a la eficiencia y la sostenibilidad, con el objetivo de garantizar el mejor servicio a nuestros clientes.<br \/>La organizaci\u00f3n log\u00edstica est\u00e1 directamente conectada con las m\u00e1s importantes compa\u00f1\u00edas de transporte mar\u00edtimo y terrestre, garantizando a los clientes un servicio r\u00e1pido y puntual.<\/p>\n\t\t\t\t<img loading=\"lazy\" decoding=\"async\" src=\"https:\/\/www.isolaspa.it\/wp-content\/uploads\/2024\/10\/list-item.png\" alt=\"list-item\" itemprop=\"image\" height=\"99\" width=\"98\" title=\"list-item\" onerror=\"this.style.display='none'\"  \/>\n\t\t\t<h3>Innovaci\u00f3n<\/h3>\t\t\t\n\t\t\t\t<p>La compa\u00f1\u00eda cuenta con una amplia cartera de clientes que cubre grandes \u00e1reas de mercado. El rasgo distintivo de Isola S.p.A. es su tendencia a la innovaci\u00f3n para ofrecer el mejor servicio posible a nuestros clientes.<\/p>\n<h2>\n\t\tDescubre nuestros materiales\n\t<\/h2>\n\t<a href=\"https:\/\/www.isolaspa.it\/materiali\/gruppo-1\/\" target=\"_self\"  aria-label=\"Go to https:\/\/www.isolaspa.it\/materiali\/gruppo-1\/\"><\/a>\n\t\t\t\t<img decoding=\"async\" src=\"https:\/\/www.isolaspa.it\/wp-content\/uploads\/2021\/11\/ico-mat-g1.svg\" alt=\"ico-mat-g1\" title=\"ico-mat-g1\" itemprop=\"image\"\/>\n\t\t<h3>Papel grupo 1<\/h3>\t\t\t\n\t\t\t\t<p>Calidades ordinarias<\/p>\n\t<a href=\"https:\/\/www.isolaspa.it\/materiali\/gruppo-2\/\" target=\"_self\"  aria-label=\"Go to https:\/\/www.isolaspa.it\/materiali\/gruppo-2\/\"><\/a>\n\t\t\t\t<img decoding=\"async\" src=\"https:\/\/www.isolaspa.it\/wp-content\/uploads\/2021\/11\/ico-mat-g2.svg\" alt=\"ico-mat-g2\" title=\"ico-mat-g2\" itemprop=\"image\"\/>\n\t\t<h3>Papel grupo 2<\/h3>\t\t\t\n\t\t\t\t<p>Calidades Medias<\/p>\n\t<a href=\"https:\/\/www.isolaspa.it\/materiali\/gruppo-3\/\" target=\"_self\"  aria-label=\"Go to https:\/\/www.isolaspa.it\/materiali\/gruppo-3\/\"><\/a>\n\t\t\t\t<img decoding=\"async\" src=\"https:\/\/www.isolaspa.it\/wp-content\/uploads\/2021\/11\/ico-mat-g3.svg\" alt=\"ico-mat-g3\" title=\"ico-mat-g3\" itemprop=\"image\"\/>\n\t\t<h3>Papel grupo 3<\/h3>\t\t\t\n\t\t\t\t<p>Calidades Superiores<\/p>\n\t<a href=\"https:\/\/www.isolaspa.it\/materiali\/gruppo-4\/\" target=\"_self\"  aria-label=\"Go to https:\/\/www.isolaspa.it\/materiali\/gruppo-4\/\"><\/a>\n\t\t\t\t<img decoding=\"async\" src=\"https:\/\/www.isolaspa.it\/wp-content\/uploads\/2021\/11\/ico-mat-g4.svg\" alt=\"ico-mat-g4\" title=\"ico-mat-g4\" itemprop=\"image\"\/>\n\t\t<h3>Grupo 4<\/h3>\t\t\t\n\t\t\t\t<p>Calidad Kraft<\/p>\n\t\t\t<a href=\"https:\/\/www.isolaspa.it\/materiali\/\" title=\"Click Here\" target=\"_self\"   role=\"button\" aria-label=\"M\u00e1s Informaci\u00f3n\">\n\t\t\t\t\t\t\tM\u00e1s Informaci\u00f3n\n\t\t<\/a>\n\t\t\t<h3>Ver el v\u00eddeo<\/h3>\t\t\t\n\t\t\t<img decoding=\"async\" src=\"https:\/\/www.isolaspa.it\/wp-content\/uploads\/2023\/06\/video1-00-00-14-182-768x432.jpg\" title=\"video1-00-00-14-182\" alt=\"\" \/>\t\t\t\t\t\t\t\n\t\t\t\t\tPlay Video\n<h2>\n\t\tLa econom\u00eda circular de la cadena del papel\n\t<\/h2>\n\t\t<!-- Comment to fix spacing issue\n\t-->\n\t\t0 KgLa media de papel y cart\u00f3n que cada ciudadano italiano recoge de manera selectiva\n\t<!-- Comment to fix spacing issue\n\t-->\t\n\t\t<!-- Comment to fix spacing issue\n\t-->\n\t\t0%El aumento medio en Italia de la recogida selectiva de papel y cart\u00f3n en los \u00faltimos 20 a\u00f1os\n\t<!-- Comment to fix spacing issue\n\t-->\t\n\t\t<!-- Comment to fix spacing issue\n\t-->\n\t\t0%Envases de papel y cart\u00f3n enviados a reciclar\n\t<!-- Comment to fix spacing issue\n\t-->\t\n<h2>\n\t\tCertificaciones\n\t<\/h2>\n\t\t\t<a href=\"https:\/\/www.isolaspa.it\/wp-content\/uploads\/2024\/06\/P2D1-Politica-Integrata-Rev3.pdf\" title=\"Click Here\" target=\"_blank\" rel=\"noopener\"  role=\"button\" aria-label=\"Descarga nuestra pol\u00edtica integrada\">\n\t\t\t\t\t\t\t\t\t\t\tDescarga nuestra pol\u00edtica integrada\n\t\t<\/a>\n\t\t\t\t<a href=\"https:\/\/www.isolaspa.it\/wp-content\/uploads\/2021\/11\/AEO-Isola-Spa.pdf\"  target=\"_blank\" rel=\"noopener\"  itemprop=\"url\">\n\t\t\t\t<img loading=\"lazy\" decoding=\"async\" src=\"https:\/\/www.isolaspa.it\/wp-content\/uploads\/2021\/11\/cert-aeo.png\" alt=\"cert-aeo\" itemprop=\"image\" height=\"300\" width=\"300\" title=\"cert-aeo\" onerror=\"this.style.display='none'\"  \/>\n\t\t\t\t<\/a>\n\t\t\t\t<a href=\"https:\/\/www.isolaspa.it\/wp-content\/uploads\/2021\/11\/Iscrizione-Albo-Nazionale-Gestori-Ambientali-CAT-8-C-N.FI20012_.pdf\"  target=\"_blank\" rel=\"noopener\"  itemprop=\"url\">\n\t\t\t\t<img loading=\"lazy\" decoding=\"async\" src=\"https:\/\/www.isolaspa.it\/wp-content\/uploads\/2021\/11\/cert-anga.png\" alt=\"cert-anga\" itemprop=\"image\" height=\"106\" width=\"300\" title=\"cert-anga\" onerror=\"this.style.display='none'\"  \/>\n\t\t\t\t<\/a>\n\t\t\t\t<a href=\"https:\/\/www.isolaspa.it\/wp-content\/uploads\/2021\/11\/ISO-9001-CERT-06865-2000-AQ-FLR-SINCERT-3-en-US-20201002-1601633474696.pdf\"  target=\"_blank\" rel=\"noopener\"  itemprop=\"url\">\n\t\t\t\t<img loading=\"lazy\" decoding=\"async\" src=\"https:\/\/www.isolaspa.it\/wp-content\/uploads\/2021\/11\/cert-dnv-gl.png\" alt=\"cert-dnv-gl\" itemprop=\"image\" height=\"285\" width=\"300\" title=\"cert-dnv-gl\" onerror=\"this.style.display='none'\"  \/>\n\t\t\t\t<\/a>\n\t\t\t\t<a href=\"https:\/\/www.isolaspa.it\/wp-content\/uploads\/2021\/11\/ISO-14001-10000465792-MSC-ACCREDIA-ITA-0-en-US-20210910-20210910135305.pdf\"  target=\"_blank\" rel=\"noopener\"  itemprop=\"url\">\n\t\t\t\t<img loading=\"lazy\" decoding=\"async\" src=\"https:\/\/www.isolaspa.it\/wp-content\/uploads\/2021\/11\/cert-dnv-gl2.png\" alt=\"cert-dnv-gl2\" itemprop=\"image\" height=\"288\" width=\"300\" title=\"cert-dnv-gl2\" onerror=\"this.style.display='none'\"  \/>\n\t\t\t\t<\/a>\n\t\t\t\t<img loading=\"lazy\" decoding=\"async\" src=\"https:\/\/www.isolaspa.it\/wp-content\/uploads\/2024\/10\/isola-truck-min-2048x741.jpg\" alt=\"isola-truck-min\" itemprop=\"image\" height=\"741\" width=\"2048\" title=\"isola-truck-min\" onerror=\"this.style.display='none'\"  \/>\n\t<iframe src=\"https:\/\/www.google.com\/maps\/embed\/v1\/place?q=Isola+S.p.a+Via+Villa+Fontana%2C+snc+55014+Marlia+%28LU%29+-+Italia&#038;key=AIzaSyD09zQ9PNDNNy9TadMuzRV_UsPUoWKntt8\" aria-hidden=\"true\"><\/iframe>\n\n","protected":false},"excerpt":{"rendered":"<p>Global reach, personal touch Isola spa Es una empresa comercial con m\u00e1s de 30 a\u00f1os de experiencia en la comercializaci\u00f3n de papel reciclado, fundada con el objetivo de promover el uso de materiales para el reciclaje, que ahora cumple con el objetivo fijado para Italia por la Uni\u00f3n Europea que debe alcanzarse para 2035. La [&hellip;]<\/p>\n","protected":false},"author":10,"featured_media":0,"parent":0,"menu_order":0,"comment_status":"closed","ping_status":"open","template":"","meta":{"site-sidebar-layout":"default","site-content-layout":"","ast-site-content-layout":"default","site-content-style":"default","site-sidebar-style":"default","ast-global-header-display":"","ast-banner-title-visibility":"","ast-main-header-display":"","ast-hfb-above-header-display":"","ast-hfb-below-header-display":"","ast-hfb-mobile-header-display":"","site-post-title":"","ast-breadcrumbs-content":"","ast-featured-img":"","footer-sml-layout":"","theme-transparent-header-meta":"","adv-header-id-meta":"","stick-header-meta":"","header-above-stick-meta":"","header-main-stick-meta":"","header-below-stick-meta":"","astra-migrate-meta-layouts":"default","ast-page-background-enabled":"default","ast-page-background-meta":{"desktop":{"background-color":"","background-image":"","background-repeat":"repeat","background-position":"center center","background-size":"auto","background-attachment":"scroll","background-type":"","background-media":"","overlay-type":"","overlay-color":"","overlay-opacity":"","overlay-gradient":""},"tablet":{"background-color":"","background-image":"","background-repeat":"repeat","background-position":"center center","background-size":"auto","background-attachment":"scroll","background-type":"","background-media":"","overlay-type":"","overlay-color":"","overlay-opacity":"","overlay-gradient":""},"mobile":{"background-color":"","background-image":"","background-repeat":"repeat","background-position":"center center","background-size":"auto","background-attachment":"scroll","background-type":"","background-media":"","overlay-type":"","overlay-color":"","overlay-opacity":"","overlay-gradient":""}},"ast-content-background-meta":{"desktop":{"background-color":"var(--ast-global-color-5)","background-image":"","background-repeat":"repeat","background-position":"center center","background-size":"auto","background-attachment":"scroll","background-type":"","background-media":"","overlay-type":"","overlay-color":"","overlay-opacity":"","overlay-gradient":""},"tablet":{"background-color":"var(--ast-global-color-5)","background-image":"","background-repeat":"repeat","background-position":"center center","background-size":"auto","background-attachment":"scroll","background-type":"","background-media":"","overlay-type":"","overlay-color":"","overlay-opacity":"","overlay-gradient":""},"mobile":{"background-color":"var(--ast-global-color-5)","background-image":"","background-repeat":"repeat","background-position":"center center","background-size":"auto","background-attachment":"scroll","background-type":"","background-media":"","overlay-type":"","overlay-color":"","overlay-opacity":"","overlay-gradient":""}},"footnotes":""},"class_list":["post-524","page","type-page","status-publish","hentry"],"_links":{"self":[{"href":"https:\/\/www.isolaspa.it\/es\/wp-json\/wp\/v2\/pages\/524","targetHints":{"allow":["GET"]}}],"collection":[{"href":"https:\/\/www.isolaspa.it\/es\/wp-json\/wp\/v2\/pages"}],"about":[{"href":"https:\/\/www.isolaspa.it\/es\/wp-json\/wp\/v2\/types\/page"}],"author":[{"embeddable":true,"href":"https:\/\/www.isolaspa.it\/es\/wp-json\/wp\/v2\/users\/10"}],"replies":[{"embeddable":true,"href":"https:\/\/www.isolaspa.it\/es\/wp-json\/wp\/v2\/comments?post=524"}],"version-history":[{"count":1,"href":"https:\/\/www.isolaspa.it\/es\/wp-json\/wp\/v2\/pages\/524\/revisions"}],"predecessor-version":[{"id":1981,"href":"https:\/\/www.isolaspa.it\/es\/wp-json\/wp\/v2\/pages\/524\/revisions\/1981"}],"wp:attachment":[{"href":"https:\/\/www.isolaspa.it\/es\/wp-json\/wp\/v2\/media?parent=524"}],"curies":[{"name":"wp","href":"https:\/\/api.w.org\/{rel}","templated":true}]}}